{"id":1398,"date":"2022-11-21T13:38:49","date_gmt":"2022-11-21T12:38:49","guid":{"rendered":"https:\/\/prime-scootering.com\/?post_type=product&#038;p=1398"},"modified":"2023-05-28T20:15:24","modified_gmt":"2023-05-28T18:15:24","slug":"fourche-anthony-michlik-signature-v2-chrome","status":"publish","type":"product","link":"https:\/\/prime-scootering.com\/en\/product\/fourche-anthony-michlik-signature-v2-chrome\/","title":{"rendered":"Fork Anthony Michlik signature V2 Chrome"},"content":{"rendered":"<p>High level Prime fork, 7075 aluminum (solid) and compatible 8 and 12std (spacers included). Airy design to save weight.<\/p>\n<p>This version is an Anthony Michlik signature.<\/p>\n<p>V2 update: Evo of the fork, more solid on the lower part.<\/p>","protected":false},"excerpt":{"rendered":"<p>Fourche Prime de haut niveau, alu 7075 (solide) et compatible 8 et 12std (spacers inclus). Design a\u00e9r\u00e9 pour gagner du poids. Cette version est une signature Anthony Michlik. Mise \u00e0 jour de la V2: Evo de la fourche, plus solide sur la partie basse.<\/p>","protected":false},"featured_media":1399,"template":"","meta":{"spay_email":""},"product_cat":[17],"product_tag":[],"yoast_head":"<!-- This site is optimized with the Yoast SEO plugin v19.10 - https:\/\/yoast.com\/wordpress\/plugins\/seo\/ -->\n<title>Fourche Anthony Michlik signature V2 Chrome - Prime scootering<\/title>\n<meta name=\"robots\" content=\"index, follow, max-snippet:-1, max-image-preview:large, max-video-preview:-1\" \/>\n<link rel=\"canonical\" href=\"https:\/\/prime-scootering.com\/en\/product\/fourche-anthony-michlik-signature-v2-chrome\/\" \/>\n<meta property=\"og:locale\" content=\"en_US\" \/>\n<meta property=\"og:type\" content=\"article\" \/>\n<meta property=\"og:title\" content=\"Fourche Anthony Michlik signature V2 Chrome - Prime scootering\" \/>\n<meta property=\"og:description\" content=\"Fourche Prime de haut niveau, alu 7075 (solide) et compatible 8 et 12std (spacers inclus). Design a\u00e9r\u00e9 pour gagner du poids. Cette version est une signature Anthony Michlik. Mise \u00e0 jour de la V2: Evo de la fourche, plus solide sur la partie basse.\" \/>\n<meta property=\"og:url\" content=\"https:\/\/prime-scootering.com\/en\/product\/fourche-anthony-michlik-signature-v2-chrome\/\" \/>\n<meta property=\"og:site_name\" content=\"Prime scootering\" \/>\n<meta property=\"article:modified_time\" content=\"2023-05-28T18:15:24+00:00\" \/>\n<meta property=\"og:image\" content=\"https:\/\/prime-scootering.com\/wp-content\/uploads\/2022\/11\/Michlik-Chrome-1.png\" \/>\n\t<meta property=\"og:image:width\" content=\"1080\" \/>\n\t<meta property=\"og:image:height\" content=\"1080\" \/>\n\t<meta property=\"og:image:type\" content=\"image\/png\" \/>\n<meta name=\"twitter:card\" content=\"summary_large_image\" \/>\n<script type=\"application\/ld+json\" class=\"yoast-schema-graph\">{\"@context\":\"https:\/\/schema.org\",\"@graph\":[{\"@type\":\"WebPage\",\"@id\":\"https:\/\/prime-scootering.com\/produit\/fourche-anthony-michlik-signature-v2-chrome\/\",\"url\":\"https:\/\/prime-scootering.com\/produit\/fourche-anthony-michlik-signature-v2-chrome\/\",\"name\":\"Fourche Anthony Michlik signature V2 Chrome - Prime scootering\",\"isPartOf\":{\"@id\":\"https:\/\/prime-scootering.com\/#website\"},\"datePublished\":\"2022-11-21T12:38:49+00:00\",\"dateModified\":\"2023-05-28T18:15:24+00:00\",\"breadcrumb\":{\"@id\":\"https:\/\/prime-scootering.com\/produit\/fourche-anthony-michlik-signature-v2-chrome\/#breadcrumb\"},\"inLanguage\":\"en-US\",\"potentialAction\":[{\"@type\":\"ReadAction\",\"target\":[\"https:\/\/prime-scootering.com\/produit\/fourche-anthony-michlik-signature-v2-chrome\/\"]}]},{\"@type\":\"BreadcrumbList\",\"@id\":\"https:\/\/prime-scootering.com\/produit\/fourche-anthony-michlik-signature-v2-chrome\/#breadcrumb\",\"itemListElement\":[{\"@type\":\"ListItem\",\"position\":1,\"name\":\"Accueil\",\"item\":\"https:\/\/prime-scootering.com\/\"},{\"@type\":\"ListItem\",\"position\":2,\"name\":\"Boutique\",\"item\":\"https:\/\/prime-scootering.com\/shop\/\"},{\"@type\":\"ListItem\",\"position\":3,\"name\":\"Fourche Anthony Michlik signature V2 Chrome\"}]},{\"@type\":\"WebSite\",\"@id\":\"https:\/\/prime-scootering.com\/#website\",\"url\":\"https:\/\/prime-scootering.com\/\",\"name\":\"Prime scootering\",\"description\":\"Scooter brand\",\"publisher\":{\"@id\":\"https:\/\/prime-scootering.com\/#organization\"},\"potentialAction\":[{\"@type\":\"SearchAction\",\"target\":{\"@type\":\"EntryPoint\",\"urlTemplate\":\"https:\/\/prime-scootering.com\/?s={search_term_string}\"},\"query-input\":\"required name=search_term_string\"}],\"inLanguage\":\"en-US\"},{\"@type\":\"Organization\",\"@id\":\"https:\/\/prime-scootering.com\/#organization\",\"name\":\"Prime scootering\",\"url\":\"https:\/\/prime-scootering.com\/\",\"logo\":{\"@type\":\"ImageObject\",\"inLanguage\":\"en-US\",\"@id\":\"https:\/\/prime-scootering.com\/#\/schema\/logo\/image\/\",\"url\":\"https:\/\/prime-scootering.com\/wp-content\/uploads\/2022\/01\/cropped-cropped-cropped-P-LOGO-SANS-FOND.png\",\"contentUrl\":\"https:\/\/prime-scootering.com\/wp-content\/uploads\/2022\/01\/cropped-cropped-cropped-P-LOGO-SANS-FOND.png\",\"width\":512,\"height\":512,\"caption\":\"Prime scootering\"},\"image\":{\"@id\":\"https:\/\/prime-scootering.com\/#\/schema\/logo\/image\/\"}}]}<\/script>\n<!-- \/ Yoast SEO plugin. -->","yoast_head_json":{"title":"Fourche Anthony Michlik signature V2 Chrome - Prime scootering","robots":{"index":"index","follow":"follow","max-snippet":"max-snippet:-1","max-image-preview":"max-image-preview:large","max-video-preview":"max-video-preview:-1"},"canonical":"https:\/\/prime-scootering.com\/en\/product\/fourche-anthony-michlik-signature-v2-chrome\/","og_locale":"en_US","og_type":"article","og_title":"Fourche Anthony Michlik signature V2 Chrome - Prime scootering","og_description":"Fourche Prime de haut niveau, alu 7075 (solide) et compatible 8 et 12std (spacers inclus). Design a\u00e9r\u00e9 pour gagner du poids. Cette version est une signature Anthony Michlik. Mise \u00e0 jour de la V2: Evo de la fourche, plus solide sur la partie basse.","og_url":"https:\/\/prime-scootering.com\/en\/product\/fourche-anthony-michlik-signature-v2-chrome\/","og_site_name":"Prime scootering","article_modified_time":"2023-05-28T18:15:24+00:00","og_image":[{"width":1080,"height":1080,"url":"https:\/\/prime-scootering.com\/wp-content\/uploads\/2022\/11\/Michlik-Chrome-1.png","type":"image\/png"}],"twitter_card":"summary_large_image","schema":{"@context":"https:\/\/schema.org","@graph":[{"@type":"WebPage","@id":"https:\/\/prime-scootering.com\/produit\/fourche-anthony-michlik-signature-v2-chrome\/","url":"https:\/\/prime-scootering.com\/produit\/fourche-anthony-michlik-signature-v2-chrome\/","name":"Fourche Anthony Michlik signature V2 Chrome - Prime scootering","isPartOf":{"@id":"https:\/\/prime-scootering.com\/#website"},"datePublished":"2022-11-21T12:38:49+00:00","dateModified":"2023-05-28T18:15:24+00:00","breadcrumb":{"@id":"https:\/\/prime-scootering.com\/produit\/fourche-anthony-michlik-signature-v2-chrome\/#breadcrumb"},"inLanguage":"en-US","potentialAction":[{"@type":"ReadAction","target":["https:\/\/prime-scootering.com\/produit\/fourche-anthony-michlik-signature-v2-chrome\/"]}]},{"@type":"BreadcrumbList","@id":"https:\/\/prime-scootering.com\/produit\/fourche-anthony-michlik-signature-v2-chrome\/#breadcrumb","itemListElement":[{"@type":"ListItem","position":1,"name":"Accueil","item":"https:\/\/prime-scootering.com\/"},{"@type":"ListItem","position":2,"name":"Boutique","item":"https:\/\/prime-scootering.com\/shop\/"},{"@type":"ListItem","position":3,"name":"Fourche Anthony Michlik signature V2 Chrome"}]},{"@type":"WebSite","@id":"https:\/\/prime-scootering.com\/#website","url":"https:\/\/prime-scootering.com\/","name":"Prime scootering","description":"Scooter brand","publisher":{"@id":"https:\/\/prime-scootering.com\/#organization"},"potentialAction":[{"@type":"SearchAction","target":{"@type":"EntryPoint","urlTemplate":"https:\/\/prime-scootering.com\/?s={search_term_string}"},"query-input":"required name=search_term_string"}],"inLanguage":"en-US"},{"@type":"Organization","@id":"https:\/\/prime-scootering.com\/#organization","name":"Prime scootering","url":"https:\/\/prime-scootering.com\/","logo":{"@type":"ImageObject","inLanguage":"en-US","@id":"https:\/\/prime-scootering.com\/#\/schema\/logo\/image\/","url":"https:\/\/prime-scootering.com\/wp-content\/uploads\/2022\/01\/cropped-cropped-cropped-P-LOGO-SANS-FOND.png","contentUrl":"https:\/\/prime-scootering.com\/wp-content\/uploads\/2022\/01\/cropped-cropped-cropped-P-LOGO-SANS-FOND.png","width":512,"height":512,"caption":"Prime scootering"},"image":{"@id":"https:\/\/prime-scootering.com\/#\/schema\/logo\/image\/"}}]}},"_links":{"self":[{"href":"https:\/\/prime-scootering.com\/en\/wp-json\/wp\/v2\/product\/1398"}],"collection":[{"href":"https:\/\/prime-scootering.com\/en\/wp-json\/wp\/v2\/product"}],"about":[{"href":"https:\/\/prime-scootering.com\/en\/wp-json\/wp\/v2\/types\/product"}],"wp:featuredmedia":[{"embeddable":true,"href":"https:\/\/prime-scootering.com\/en\/wp-json\/wp\/v2\/media\/1399"}],"wp:attachment":[{"href":"https:\/\/prime-scootering.com\/en\/wp-json\/wp\/v2\/media?parent=1398"}],"wp:term":[{"taxonomy":"product_cat","embeddable":true,"href":"https:\/\/prime-scootering.com\/en\/wp-json\/wp\/v2\/product_cat?post=1398"},{"taxonomy":"product_tag","embeddable":true,"href":"https:\/\/prime-scootering.com\/en\/wp-json\/wp\/v2\/product_tag?post=1398"}],"curies":[{"name":"wp","href":"https:\/\/api.w.org\/{rel}","templated":true}]}}