{"id":144,"date":"2022-01-20T13:58:47","date_gmt":"2022-01-20T12:58:47","guid":{"rendered":"http:\/\/prime-scootering.com\/?post_type=product&#038;p=144"},"modified":"2023-06-20T17:20:26","modified_gmt":"2023-06-20T15:20:26","slug":"bouzid-fork","status":"publish","type":"product","link":"https:\/\/prime-scootering.com\/en\/product\/bouzid-fork\/","title":{"rendered":"Maxime Bouzid signature fork"},"content":{"rendered":"","protected":false},"excerpt":{"rendered":"<p>High level Prime fork, 7075 aluminum (solid) and compatible 8 and 12std (spacers included). Airy and aggressive design.<\/p>\n<p>This version is a Maxime Bouzid signature. With a different offset from the other forks, instead of 10mm it is 15mm.<\/p>","protected":false},"featured_media":768,"template":"","meta":{"spay_email":""},"product_cat":[17],"product_tag":[],"yoast_head":"<!-- This site is optimized with the Yoast SEO plugin v19.10 - https:\/\/yoast.com\/wordpress\/plugins\/seo\/ -->\n<title>Fourche Maxime Bouzid signature - Prime scootering<\/title>\n<meta name=\"robots\" content=\"index, follow, max-snippet:-1, max-image-preview:large, max-video-preview:-1\" \/>\n<link rel=\"canonical\" href=\"https:\/\/prime-scootering.com\/en\/product\/bouzid-fork\/\" \/>\n<meta property=\"og:locale\" content=\"en_US\" \/>\n<meta property=\"og:type\" content=\"article\" \/>\n<meta property=\"og:title\" content=\"Fourche Maxime Bouzid signature - Prime scootering\" \/>\n<meta property=\"og:description\" content=\"Fourche Prime de haut niveau, alu 7075 (solide) et compatible 8 et 12std (spacers inclus). Design a\u00e9r\u00e9 et agressif.  Cette version est une signature Maxime Bouzid. Avec un offset diff\u00e9rent des autres fourche, au lieu de 10mm il est \u00e0 15mm.\" \/>\n<meta property=\"og:url\" content=\"https:\/\/prime-scootering.com\/en\/product\/bouzid-fork\/\" \/>\n<meta property=\"og:site_name\" content=\"Prime scootering\" \/>\n<meta property=\"article:modified_time\" content=\"2023-06-20T15:20:26+00:00\" \/>\n<meta property=\"og:image\" content=\"https:\/\/prime-scootering.com\/wp-content\/uploads\/2022\/01\/Bouzid-1.png\" \/>\n\t<meta property=\"og:image:width\" content=\"1080\" \/>\n\t<meta property=\"og:image:height\" content=\"1080\" \/>\n\t<meta property=\"og:image:type\" content=\"image\/png\" \/>\n<meta name=\"twitter:card\" content=\"summary_large_image\" \/>\n<script type=\"application\/ld+json\" class=\"yoast-schema-graph\">{\"@context\":\"https:\/\/schema.org\",\"@graph\":[{\"@type\":\"WebPage\",\"@id\":\"https:\/\/prime-scootering.com\/produit\/bouzid-fork\/\",\"url\":\"https:\/\/prime-scootering.com\/produit\/bouzid-fork\/\",\"name\":\"Fourche Maxime Bouzid signature - Prime scootering\",\"isPartOf\":{\"@id\":\"https:\/\/prime-scootering.com\/#website\"},\"datePublished\":\"2022-01-20T12:58:47+00:00\",\"dateModified\":\"2023-06-20T15:20:26+00:00\",\"breadcrumb\":{\"@id\":\"https:\/\/prime-scootering.com\/produit\/bouzid-fork\/#breadcrumb\"},\"inLanguage\":\"en-US\",\"potentialAction\":[{\"@type\":\"ReadAction\",\"target\":[\"https:\/\/prime-scootering.com\/produit\/bouzid-fork\/\"]}]},{\"@type\":\"BreadcrumbList\",\"@id\":\"https:\/\/prime-scootering.com\/produit\/bouzid-fork\/#breadcrumb\",\"itemListElement\":[{\"@type\":\"ListItem\",\"position\":1,\"name\":\"Accueil\",\"item\":\"https:\/\/prime-scootering.com\/\"},{\"@type\":\"ListItem\",\"position\":2,\"name\":\"Boutique\",\"item\":\"https:\/\/prime-scootering.com\/shop\/\"},{\"@type\":\"ListItem\",\"position\":3,\"name\":\"Fourche Maxime Bouzid signature\"}]},{\"@type\":\"WebSite\",\"@id\":\"https:\/\/prime-scootering.com\/#website\",\"url\":\"https:\/\/prime-scootering.com\/\",\"name\":\"Prime scootering\",\"description\":\"Scooter brand\",\"publisher\":{\"@id\":\"https:\/\/prime-scootering.com\/#organization\"},\"potentialAction\":[{\"@type\":\"SearchAction\",\"target\":{\"@type\":\"EntryPoint\",\"urlTemplate\":\"https:\/\/prime-scootering.com\/?s={search_term_string}\"},\"query-input\":\"required name=search_term_string\"}],\"inLanguage\":\"en-US\"},{\"@type\":\"Organization\",\"@id\":\"https:\/\/prime-scootering.com\/#organization\",\"name\":\"Prime scootering\",\"url\":\"https:\/\/prime-scootering.com\/\",\"logo\":{\"@type\":\"ImageObject\",\"inLanguage\":\"en-US\",\"@id\":\"https:\/\/prime-scootering.com\/#\/schema\/logo\/image\/\",\"url\":\"https:\/\/prime-scootering.com\/wp-content\/uploads\/2022\/01\/cropped-cropped-cropped-P-LOGO-SANS-FOND.png\",\"contentUrl\":\"https:\/\/prime-scootering.com\/wp-content\/uploads\/2022\/01\/cropped-cropped-cropped-P-LOGO-SANS-FOND.png\",\"width\":512,\"height\":512,\"caption\":\"Prime scootering\"},\"image\":{\"@id\":\"https:\/\/prime-scootering.com\/#\/schema\/logo\/image\/\"}}]}<\/script>\n<!-- \/ Yoast SEO plugin. -->","yoast_head_json":{"title":"Fourche Maxime Bouzid signature - Prime scootering","robots":{"index":"index","follow":"follow","max-snippet":"max-snippet:-1","max-image-preview":"max-image-preview:large","max-video-preview":"max-video-preview:-1"},"canonical":"https:\/\/prime-scootering.com\/en\/product\/bouzid-fork\/","og_locale":"en_US","og_type":"article","og_title":"Fourche Maxime Bouzid signature - Prime scootering","og_description":"Fourche Prime de haut niveau, alu 7075 (solide) et compatible 8 et 12std (spacers inclus). Design a\u00e9r\u00e9 et agressif.  Cette version est une signature Maxime Bouzid. Avec un offset diff\u00e9rent des autres fourche, au lieu de 10mm il est \u00e0 15mm.","og_url":"https:\/\/prime-scootering.com\/en\/product\/bouzid-fork\/","og_site_name":"Prime scootering","article_modified_time":"2023-06-20T15:20:26+00:00","og_image":[{"width":1080,"height":1080,"url":"https:\/\/prime-scootering.com\/wp-content\/uploads\/2022\/01\/Bouzid-1.png","type":"image\/png"}],"twitter_card":"summary_large_image","schema":{"@context":"https:\/\/schema.org","@graph":[{"@type":"WebPage","@id":"https:\/\/prime-scootering.com\/produit\/bouzid-fork\/","url":"https:\/\/prime-scootering.com\/produit\/bouzid-fork\/","name":"Fourche Maxime Bouzid signature - Prime scootering","isPartOf":{"@id":"https:\/\/prime-scootering.com\/#website"},"datePublished":"2022-01-20T12:58:47+00:00","dateModified":"2023-06-20T15:20:26+00:00","breadcrumb":{"@id":"https:\/\/prime-scootering.com\/produit\/bouzid-fork\/#breadcrumb"},"inLanguage":"en-US","potentialAction":[{"@type":"ReadAction","target":["https:\/\/prime-scootering.com\/produit\/bouzid-fork\/"]}]},{"@type":"BreadcrumbList","@id":"https:\/\/prime-scootering.com\/produit\/bouzid-fork\/#breadcrumb","itemListElement":[{"@type":"ListItem","position":1,"name":"Accueil","item":"https:\/\/prime-scootering.com\/"},{"@type":"ListItem","position":2,"name":"Boutique","item":"https:\/\/prime-scootering.com\/shop\/"},{"@type":"ListItem","position":3,"name":"Fourche Maxime Bouzid signature"}]},{"@type":"WebSite","@id":"https:\/\/prime-scootering.com\/#website","url":"https:\/\/prime-scootering.com\/","name":"Prime scootering","description":"Scooter brand","publisher":{"@id":"https:\/\/prime-scootering.com\/#organization"},"potentialAction":[{"@type":"SearchAction","target":{"@type":"EntryPoint","urlTemplate":"https:\/\/prime-scootering.com\/?s={search_term_string}"},"query-input":"required name=search_term_string"}],"inLanguage":"en-US"},{"@type":"Organization","@id":"https:\/\/prime-scootering.com\/#organization","name":"Prime scootering","url":"https:\/\/prime-scootering.com\/","logo":{"@type":"ImageObject","inLanguage":"en-US","@id":"https:\/\/prime-scootering.com\/#\/schema\/logo\/image\/","url":"https:\/\/prime-scootering.com\/wp-content\/uploads\/2022\/01\/cropped-cropped-cropped-P-LOGO-SANS-FOND.png","contentUrl":"https:\/\/prime-scootering.com\/wp-content\/uploads\/2022\/01\/cropped-cropped-cropped-P-LOGO-SANS-FOND.png","width":512,"height":512,"caption":"Prime scootering"},"image":{"@id":"https:\/\/prime-scootering.com\/#\/schema\/logo\/image\/"}}]}},"_links":{"self":[{"href":"https:\/\/prime-scootering.com\/en\/wp-json\/wp\/v2\/product\/144"}],"collection":[{"href":"https:\/\/prime-scootering.com\/en\/wp-json\/wp\/v2\/product"}],"about":[{"href":"https:\/\/prime-scootering.com\/en\/wp-json\/wp\/v2\/types\/product"}],"wp:featuredmedia":[{"embeddable":true,"href":"https:\/\/prime-scootering.com\/en\/wp-json\/wp\/v2\/media\/768"}],"wp:attachment":[{"href":"https:\/\/prime-scootering.com\/en\/wp-json\/wp\/v2\/media?parent=144"}],"wp:term":[{"taxonomy":"product_cat","embeddable":true,"href":"https:\/\/prime-scootering.com\/en\/wp-json\/wp\/v2\/product_cat?post=144"},{"taxonomy":"product_tag","embeddable":true,"href":"https:\/\/prime-scootering.com\/en\/wp-json\/wp\/v2\/product_tag?post=144"}],"curies":[{"name":"wp","href":"https:\/\/api.w.org\/{rel}","templated":true}]}}