{"id":615,"date":"2022-08-29T23:13:25","date_gmt":"2022-08-29T21:13:25","guid":{"rendered":"https:\/\/prime-scootering.com\/?post_type=product&#038;p=615"},"modified":"2023-02-10T18:48:13","modified_gmt":"2023-02-10T17:48:13","slug":"bar-prime-yank-didine-signature","status":"publish","type":"product","link":"https:\/\/prime-scootering.com\/en\/product\/bar-prime-yank-didine-signature\/","title":{"rendered":"Didine Terchague signature handlebar"},"content":{"rendered":"","protected":false},"excerpt":{"rendered":"<p>This is Didine Terchague&#039;s signature bar. Same design as the Yank in a Champagne version created in collaboration with Didine.<\/p>\n<p>Available in two sizes:<\/p>\n<p>\u2013 790 X 650mm: 1530g<\/p>\n<p>\u2013 740 X 600mm: 1441g<\/p>\n<p>&nbsp;<\/p>","protected":false},"featured_media":614,"template":"","meta":{"spay_email":""},"product_cat":[21],"product_tag":[],"yoast_head":"<!-- This site is optimized with the Yoast SEO plugin v19.10 - https:\/\/yoast.com\/wordpress\/plugins\/seo\/ -->\n<title>Guidon Didine Terchague signature - Prime scootering<\/title>\n<meta name=\"robots\" content=\"index, follow, max-snippet:-1, max-image-preview:large, max-video-preview:-1\" \/>\n<link rel=\"canonical\" href=\"https:\/\/prime-scootering.com\/en\/product\/bar-prime-yank-didine-signature\/\" \/>\n<meta property=\"og:locale\" content=\"en_US\" \/>\n<meta property=\"og:type\" content=\"article\" \/>\n<meta property=\"og:title\" content=\"Guidon Didine Terchague signature - Prime scootering\" \/>\n<meta property=\"og:description\" content=\"Voici la bar signature de Didine Terchague. M\u00eame design que la Yank dans une version Champagne cr\u00e9\u00e9e en collaboration avec Didine.  Dispo en deux tailles:  - 790 X 650mm: 1530g  - 740 X 600mm: 1441g  &nbsp;\" \/>\n<meta property=\"og:url\" content=\"https:\/\/prime-scootering.com\/en\/product\/bar-prime-yank-didine-signature\/\" \/>\n<meta property=\"og:site_name\" content=\"Prime scootering\" \/>\n<meta property=\"article:modified_time\" content=\"2023-02-10T17:48:13+00:00\" \/>\n<meta property=\"og:image\" content=\"https:\/\/prime-scootering.com\/wp-content\/uploads\/2022\/08\/guidon-prime-didine-signature-1.jpg\" \/>\n\t<meta property=\"og:image:width\" content=\"1200\" \/>\n\t<meta property=\"og:image:height\" content=\"800\" \/>\n\t<meta property=\"og:image:type\" content=\"image\/jpeg\" \/>\n<meta name=\"twitter:card\" content=\"summary_large_image\" \/>\n<script type=\"application\/ld+json\" class=\"yoast-schema-graph\">{\"@context\":\"https:\/\/schema.org\",\"@graph\":[{\"@type\":\"WebPage\",\"@id\":\"https:\/\/prime-scootering.com\/produit\/bar-prime-yank-didine-signature\/\",\"url\":\"https:\/\/prime-scootering.com\/produit\/bar-prime-yank-didine-signature\/\",\"name\":\"Guidon Didine Terchague signature - Prime scootering\",\"isPartOf\":{\"@id\":\"https:\/\/prime-scootering.com\/#website\"},\"datePublished\":\"2022-08-29T21:13:25+00:00\",\"dateModified\":\"2023-02-10T17:48:13+00:00\",\"breadcrumb\":{\"@id\":\"https:\/\/prime-scootering.com\/produit\/bar-prime-yank-didine-signature\/#breadcrumb\"},\"inLanguage\":\"en-US\",\"potentialAction\":[{\"@type\":\"ReadAction\",\"target\":[\"https:\/\/prime-scootering.com\/produit\/bar-prime-yank-didine-signature\/\"]}]},{\"@type\":\"BreadcrumbList\",\"@id\":\"https:\/\/prime-scootering.com\/produit\/bar-prime-yank-didine-signature\/#breadcrumb\",\"itemListElement\":[{\"@type\":\"ListItem\",\"position\":1,\"name\":\"Accueil\",\"item\":\"https:\/\/prime-scootering.com\/\"},{\"@type\":\"ListItem\",\"position\":2,\"name\":\"Boutique\",\"item\":\"https:\/\/prime-scootering.com\/shop\/\"},{\"@type\":\"ListItem\",\"position\":3,\"name\":\"Guidon Didine Terchague signature\"}]},{\"@type\":\"WebSite\",\"@id\":\"https:\/\/prime-scootering.com\/#website\",\"url\":\"https:\/\/prime-scootering.com\/\",\"name\":\"Prime scootering\",\"description\":\"Scooter brand\",\"publisher\":{\"@id\":\"https:\/\/prime-scootering.com\/#organization\"},\"potentialAction\":[{\"@type\":\"SearchAction\",\"target\":{\"@type\":\"EntryPoint\",\"urlTemplate\":\"https:\/\/prime-scootering.com\/?s={search_term_string}\"},\"query-input\":\"required name=search_term_string\"}],\"inLanguage\":\"en-US\"},{\"@type\":\"Organization\",\"@id\":\"https:\/\/prime-scootering.com\/#organization\",\"name\":\"Prime scootering\",\"url\":\"https:\/\/prime-scootering.com\/\",\"logo\":{\"@type\":\"ImageObject\",\"inLanguage\":\"en-US\",\"@id\":\"https:\/\/prime-scootering.com\/#\/schema\/logo\/image\/\",\"url\":\"https:\/\/prime-scootering.com\/wp-content\/uploads\/2022\/01\/cropped-cropped-cropped-P-LOGO-SANS-FOND.png\",\"contentUrl\":\"https:\/\/prime-scootering.com\/wp-content\/uploads\/2022\/01\/cropped-cropped-cropped-P-LOGO-SANS-FOND.png\",\"width\":512,\"height\":512,\"caption\":\"Prime scootering\"},\"image\":{\"@id\":\"https:\/\/prime-scootering.com\/#\/schema\/logo\/image\/\"}}]}<\/script>\n<!-- \/ Yoast SEO plugin. -->","yoast_head_json":{"title":"Guidon Didine Terchague signature - Prime scootering","robots":{"index":"index","follow":"follow","max-snippet":"max-snippet:-1","max-image-preview":"max-image-preview:large","max-video-preview":"max-video-preview:-1"},"canonical":"https:\/\/prime-scootering.com\/en\/product\/bar-prime-yank-didine-signature\/","og_locale":"en_US","og_type":"article","og_title":"Guidon Didine Terchague signature - Prime scootering","og_description":"Voici la bar signature de Didine Terchague. M\u00eame design que la Yank dans une version Champagne cr\u00e9\u00e9e en collaboration avec Didine.  Dispo en deux tailles:  - 790 X 650mm: 1530g  - 740 X 600mm: 1441g  &nbsp;","og_url":"https:\/\/prime-scootering.com\/en\/product\/bar-prime-yank-didine-signature\/","og_site_name":"Prime scootering","article_modified_time":"2023-02-10T17:48:13+00:00","og_image":[{"width":1200,"height":800,"url":"https:\/\/prime-scootering.com\/wp-content\/uploads\/2022\/08\/guidon-prime-didine-signature-1.jpg","type":"image\/jpeg"}],"twitter_card":"summary_large_image","schema":{"@context":"https:\/\/schema.org","@graph":[{"@type":"WebPage","@id":"https:\/\/prime-scootering.com\/produit\/bar-prime-yank-didine-signature\/","url":"https:\/\/prime-scootering.com\/produit\/bar-prime-yank-didine-signature\/","name":"Guidon Didine Terchague signature - Prime scootering","isPartOf":{"@id":"https:\/\/prime-scootering.com\/#website"},"datePublished":"2022-08-29T21:13:25+00:00","dateModified":"2023-02-10T17:48:13+00:00","breadcrumb":{"@id":"https:\/\/prime-scootering.com\/produit\/bar-prime-yank-didine-signature\/#breadcrumb"},"inLanguage":"en-US","potentialAction":[{"@type":"ReadAction","target":["https:\/\/prime-scootering.com\/produit\/bar-prime-yank-didine-signature\/"]}]},{"@type":"BreadcrumbList","@id":"https:\/\/prime-scootering.com\/produit\/bar-prime-yank-didine-signature\/#breadcrumb","itemListElement":[{"@type":"ListItem","position":1,"name":"Accueil","item":"https:\/\/prime-scootering.com\/"},{"@type":"ListItem","position":2,"name":"Boutique","item":"https:\/\/prime-scootering.com\/shop\/"},{"@type":"ListItem","position":3,"name":"Guidon Didine Terchague signature"}]},{"@type":"WebSite","@id":"https:\/\/prime-scootering.com\/#website","url":"https:\/\/prime-scootering.com\/","name":"Prime scootering","description":"Scooter brand","publisher":{"@id":"https:\/\/prime-scootering.com\/#organization"},"potentialAction":[{"@type":"SearchAction","target":{"@type":"EntryPoint","urlTemplate":"https:\/\/prime-scootering.com\/?s={search_term_string}"},"query-input":"required name=search_term_string"}],"inLanguage":"en-US"},{"@type":"Organization","@id":"https:\/\/prime-scootering.com\/#organization","name":"Prime scootering","url":"https:\/\/prime-scootering.com\/","logo":{"@type":"ImageObject","inLanguage":"en-US","@id":"https:\/\/prime-scootering.com\/#\/schema\/logo\/image\/","url":"https:\/\/prime-scootering.com\/wp-content\/uploads\/2022\/01\/cropped-cropped-cropped-P-LOGO-SANS-FOND.png","contentUrl":"https:\/\/prime-scootering.com\/wp-content\/uploads\/2022\/01\/cropped-cropped-cropped-P-LOGO-SANS-FOND.png","width":512,"height":512,"caption":"Prime scootering"},"image":{"@id":"https:\/\/prime-scootering.com\/#\/schema\/logo\/image\/"}}]}},"_links":{"self":[{"href":"https:\/\/prime-scootering.com\/en\/wp-json\/wp\/v2\/product\/615"}],"collection":[{"href":"https:\/\/prime-scootering.com\/en\/wp-json\/wp\/v2\/product"}],"about":[{"href":"https:\/\/prime-scootering.com\/en\/wp-json\/wp\/v2\/types\/product"}],"wp:featuredmedia":[{"embeddable":true,"href":"https:\/\/prime-scootering.com\/en\/wp-json\/wp\/v2\/media\/614"}],"wp:attachment":[{"href":"https:\/\/prime-scootering.com\/en\/wp-json\/wp\/v2\/media?parent=615"}],"wp:term":[{"taxonomy":"product_cat","embeddable":true,"href":"https:\/\/prime-scootering.com\/en\/wp-json\/wp\/v2\/product_cat?post=615"},{"taxonomy":"product_tag","embeddable":true,"href":"https:\/\/prime-scootering.com\/en\/wp-json\/wp\/v2\/product_tag?post=615"}],"curies":[{"name":"wp","href":"https:\/\/api.w.org\/{rel}","templated":true}]}}