{"id":804,"date":"2022-09-23T23:51:46","date_gmt":"2022-09-23T21:51:46","guid":{"rendered":"https:\/\/prime-scootering.com\/?post_type=product&#038;p=804"},"modified":"2022-11-14T11:29:21","modified_gmt":"2022-11-14T10:29:21","slug":"guidon-storm-noir","status":"publish","type":"product","link":"https:\/\/prime-scootering.com\/en\/product\/guidon-storm-noir\/","title":{"rendered":"Handlebar Storm Black"},"content":{"rendered":"","protected":false},"excerpt":{"rendered":"<p>First bar of the brand, sober and resistant style.<\/p>\n<p>Available in 2 large sizes:<\/p>\n<p>\u2013 790 X 650mm<\/p>\n<p>\u2013 730 X 630mm<\/p>","protected":false},"featured_media":805,"template":"","meta":{"spay_email":""},"product_cat":[21],"product_tag":[],"yoast_head":"<!-- This site is optimized with the Yoast SEO plugin v19.10 - https:\/\/yoast.com\/wordpress\/plugins\/seo\/ -->\n<title>Guidon Storm Noir - Prime scootering<\/title>\n<meta name=\"robots\" content=\"index, follow, max-snippet:-1, max-image-preview:large, max-video-preview:-1\" \/>\n<link rel=\"canonical\" href=\"https:\/\/prime-scootering.com\/en\/product\/guidon-storm-noir\/\" \/>\n<meta property=\"og:locale\" content=\"en_US\" \/>\n<meta property=\"og:type\" content=\"article\" \/>\n<meta property=\"og:title\" content=\"Guidon Storm Noir - Prime scootering\" \/>\n<meta property=\"og:description\" content=\"Premi\u00e8re bar de la marque, styl\u00e9 sobre et r\u00e9sistante.  Dispo en 2 grande tailles:  - 790 X 650 mm  - 730 X 630 mm\" \/>\n<meta property=\"og:url\" content=\"https:\/\/prime-scootering.com\/en\/product\/guidon-storm-noir\/\" \/>\n<meta property=\"og:site_name\" content=\"Prime scootering\" \/>\n<meta property=\"article:modified_time\" content=\"2022-11-14T10:29:21+00:00\" \/>\n<meta property=\"og:image\" content=\"https:\/\/prime-scootering.com\/wp-content\/uploads\/2022\/09\/Storm-Black-1.png\" \/>\n\t<meta property=\"og:image:width\" content=\"1080\" \/>\n\t<meta property=\"og:image:height\" content=\"1080\" \/>\n\t<meta property=\"og:image:type\" content=\"image\/png\" \/>\n<meta name=\"twitter:card\" content=\"summary_large_image\" \/>\n<script type=\"application\/ld+json\" class=\"yoast-schema-graph\">{\"@context\":\"https:\/\/schema.org\",\"@graph\":[{\"@type\":\"WebPage\",\"@id\":\"https:\/\/prime-scootering.com\/produit\/guidon-storm-noir\/\",\"url\":\"https:\/\/prime-scootering.com\/produit\/guidon-storm-noir\/\",\"name\":\"Guidon Storm Noir - Prime scootering\",\"isPartOf\":{\"@id\":\"https:\/\/prime-scootering.com\/#website\"},\"datePublished\":\"2022-09-23T21:51:46+00:00\",\"dateModified\":\"2022-11-14T10:29:21+00:00\",\"breadcrumb\":{\"@id\":\"https:\/\/prime-scootering.com\/produit\/guidon-storm-noir\/#breadcrumb\"},\"inLanguage\":\"en-US\",\"potentialAction\":[{\"@type\":\"ReadAction\",\"target\":[\"https:\/\/prime-scootering.com\/produit\/guidon-storm-noir\/\"]}]},{\"@type\":\"BreadcrumbList\",\"@id\":\"https:\/\/prime-scootering.com\/produit\/guidon-storm-noir\/#breadcrumb\",\"itemListElement\":[{\"@type\":\"ListItem\",\"position\":1,\"name\":\"Accueil\",\"item\":\"https:\/\/prime-scootering.com\/\"},{\"@type\":\"ListItem\",\"position\":2,\"name\":\"Boutique\",\"item\":\"https:\/\/prime-scootering.com\/shop\/\"},{\"@type\":\"ListItem\",\"position\":3,\"name\":\"Guidon Storm Noir\"}]},{\"@type\":\"WebSite\",\"@id\":\"https:\/\/prime-scootering.com\/#website\",\"url\":\"https:\/\/prime-scootering.com\/\",\"name\":\"Prime scootering\",\"description\":\"Scooter brand\",\"publisher\":{\"@id\":\"https:\/\/prime-scootering.com\/#organization\"},\"potentialAction\":[{\"@type\":\"SearchAction\",\"target\":{\"@type\":\"EntryPoint\",\"urlTemplate\":\"https:\/\/prime-scootering.com\/?s={search_term_string}\"},\"query-input\":\"required name=search_term_string\"}],\"inLanguage\":\"en-US\"},{\"@type\":\"Organization\",\"@id\":\"https:\/\/prime-scootering.com\/#organization\",\"name\":\"Prime scootering\",\"url\":\"https:\/\/prime-scootering.com\/\",\"logo\":{\"@type\":\"ImageObject\",\"inLanguage\":\"en-US\",\"@id\":\"https:\/\/prime-scootering.com\/#\/schema\/logo\/image\/\",\"url\":\"https:\/\/prime-scootering.com\/wp-content\/uploads\/2022\/01\/cropped-cropped-cropped-P-LOGO-SANS-FOND.png\",\"contentUrl\":\"https:\/\/prime-scootering.com\/wp-content\/uploads\/2022\/01\/cropped-cropped-cropped-P-LOGO-SANS-FOND.png\",\"width\":512,\"height\":512,\"caption\":\"Prime scootering\"},\"image\":{\"@id\":\"https:\/\/prime-scootering.com\/#\/schema\/logo\/image\/\"}}]}<\/script>\n<!-- \/ Yoast SEO plugin. -->","yoast_head_json":{"title":"Guidon Storm Noir - Prime scootering","robots":{"index":"index","follow":"follow","max-snippet":"max-snippet:-1","max-image-preview":"max-image-preview:large","max-video-preview":"max-video-preview:-1"},"canonical":"https:\/\/prime-scootering.com\/en\/product\/guidon-storm-noir\/","og_locale":"en_US","og_type":"article","og_title":"Guidon Storm Noir - Prime scootering","og_description":"Premi\u00e8re bar de la marque, styl\u00e9 sobre et r\u00e9sistante.  Dispo en 2 grande tailles:  - 790 X 650 mm  - 730 X 630 mm","og_url":"https:\/\/prime-scootering.com\/en\/product\/guidon-storm-noir\/","og_site_name":"Prime scootering","article_modified_time":"2022-11-14T10:29:21+00:00","og_image":[{"width":1080,"height":1080,"url":"https:\/\/prime-scootering.com\/wp-content\/uploads\/2022\/09\/Storm-Black-1.png","type":"image\/png"}],"twitter_card":"summary_large_image","schema":{"@context":"https:\/\/schema.org","@graph":[{"@type":"WebPage","@id":"https:\/\/prime-scootering.com\/produit\/guidon-storm-noir\/","url":"https:\/\/prime-scootering.com\/produit\/guidon-storm-noir\/","name":"Guidon Storm Noir - Prime scootering","isPartOf":{"@id":"https:\/\/prime-scootering.com\/#website"},"datePublished":"2022-09-23T21:51:46+00:00","dateModified":"2022-11-14T10:29:21+00:00","breadcrumb":{"@id":"https:\/\/prime-scootering.com\/produit\/guidon-storm-noir\/#breadcrumb"},"inLanguage":"en-US","potentialAction":[{"@type":"ReadAction","target":["https:\/\/prime-scootering.com\/produit\/guidon-storm-noir\/"]}]},{"@type":"BreadcrumbList","@id":"https:\/\/prime-scootering.com\/produit\/guidon-storm-noir\/#breadcrumb","itemListElement":[{"@type":"ListItem","position":1,"name":"Accueil","item":"https:\/\/prime-scootering.com\/"},{"@type":"ListItem","position":2,"name":"Boutique","item":"https:\/\/prime-scootering.com\/shop\/"},{"@type":"ListItem","position":3,"name":"Guidon Storm Noir"}]},{"@type":"WebSite","@id":"https:\/\/prime-scootering.com\/#website","url":"https:\/\/prime-scootering.com\/","name":"Prime scootering","description":"Scooter brand","publisher":{"@id":"https:\/\/prime-scootering.com\/#organization"},"potentialAction":[{"@type":"SearchAction","target":{"@type":"EntryPoint","urlTemplate":"https:\/\/prime-scootering.com\/?s={search_term_string}"},"query-input":"required name=search_term_string"}],"inLanguage":"en-US"},{"@type":"Organization","@id":"https:\/\/prime-scootering.com\/#organization","name":"Prime scootering","url":"https:\/\/prime-scootering.com\/","logo":{"@type":"ImageObject","inLanguage":"en-US","@id":"https:\/\/prime-scootering.com\/#\/schema\/logo\/image\/","url":"https:\/\/prime-scootering.com\/wp-content\/uploads\/2022\/01\/cropped-cropped-cropped-P-LOGO-SANS-FOND.png","contentUrl":"https:\/\/prime-scootering.com\/wp-content\/uploads\/2022\/01\/cropped-cropped-cropped-P-LOGO-SANS-FOND.png","width":512,"height":512,"caption":"Prime scootering"},"image":{"@id":"https:\/\/prime-scootering.com\/#\/schema\/logo\/image\/"}}]}},"_links":{"self":[{"href":"https:\/\/prime-scootering.com\/en\/wp-json\/wp\/v2\/product\/804"}],"collection":[{"href":"https:\/\/prime-scootering.com\/en\/wp-json\/wp\/v2\/product"}],"about":[{"href":"https:\/\/prime-scootering.com\/en\/wp-json\/wp\/v2\/types\/product"}],"wp:featuredmedia":[{"embeddable":true,"href":"https:\/\/prime-scootering.com\/en\/wp-json\/wp\/v2\/media\/805"}],"wp:attachment":[{"href":"https:\/\/prime-scootering.com\/en\/wp-json\/wp\/v2\/media?parent=804"}],"wp:term":[{"taxonomy":"product_cat","embeddable":true,"href":"https:\/\/prime-scootering.com\/en\/wp-json\/wp\/v2\/product_cat?post=804"},{"taxonomy":"product_tag","embeddable":true,"href":"https:\/\/prime-scootering.com\/en\/wp-json\/wp\/v2\/product_tag?post=804"}],"curies":[{"name":"wp","href":"https:\/\/api.w.org\/{rel}","templated":true}]}}