{"id":821,"date":"2022-09-24T00:09:45","date_gmt":"2022-09-23T22:09:45","guid":{"rendered":"https:\/\/prime-scootering.com\/?post_type=product&#038;p=821"},"modified":"2026-04-28T19:11:32","modified_gmt":"2026-04-28T17:11:32","slug":"poignees-prime-vertes","status":"publish","type":"product","link":"https:\/\/prime-scootering.com\/en\/product\/poignees-prime-vertes\/","title":{"rendered":"Green Prime Grips"},"content":{"rendered":"","protected":false},"excerpt":{"rendered":"<p>Poign\u00e9es de la marque Prime scootering version vertes, un design unique et un confort in\u00e9gal\u00e9.<\/p>","protected":false},"featured_media":822,"template":"","meta":{"spay_email":""},"product_cat":[24],"product_tag":[],"yoast_head":"<!-- This site is optimized with the Yoast SEO plugin v19.10 - https:\/\/yoast.com\/wordpress\/plugins\/seo\/ -->\n<title>Poign\u00e9es Prime Vertes - Prime scootering<\/title>\n<meta name=\"robots\" content=\"index, follow, max-snippet:-1, max-image-preview:large, max-video-preview:-1\" \/>\n<link rel=\"canonical\" href=\"https:\/\/prime-scootering.com\/en\/product\/poignees-prime-vertes\/\" \/>\n<meta property=\"og:locale\" content=\"en_US\" \/>\n<meta property=\"og:type\" content=\"article\" \/>\n<meta property=\"og:title\" content=\"Poign\u00e9es Prime Vertes - Prime scootering\" \/>\n<meta property=\"og:description\" content=\"Poign\u00e9es de la marque Prime scootering version vertes, un design unique et un confort in\u00e9gal\u00e9.\" \/>\n<meta property=\"og:url\" content=\"https:\/\/prime-scootering.com\/en\/product\/poignees-prime-vertes\/\" \/>\n<meta property=\"og:site_name\" content=\"Prime scootering\" \/>\n<meta property=\"article:modified_time\" content=\"2026-04-28T17:11:32+00:00\" \/>\n<meta property=\"og:image\" content=\"https:\/\/prime-scootering.com\/wp-content\/uploads\/2022\/09\/Poignees-Vert.png\" \/>\n\t<meta property=\"og:image:width\" content=\"1080\" \/>\n\t<meta property=\"og:image:height\" content=\"1080\" \/>\n\t<meta property=\"og:image:type\" content=\"image\/png\" \/>\n<meta name=\"twitter:card\" content=\"summary_large_image\" \/>\n<script type=\"application\/ld+json\" class=\"yoast-schema-graph\">{\"@context\":\"https:\/\/schema.org\",\"@graph\":[{\"@type\":\"WebPage\",\"@id\":\"https:\/\/prime-scootering.com\/produit\/poignees-prime-vertes\/\",\"url\":\"https:\/\/prime-scootering.com\/produit\/poignees-prime-vertes\/\",\"name\":\"Poign\u00e9es Prime Vertes - Prime scootering\",\"isPartOf\":{\"@id\":\"https:\/\/prime-scootering.com\/#website\"},\"datePublished\":\"2022-09-23T22:09:45+00:00\",\"dateModified\":\"2026-04-28T17:11:32+00:00\",\"breadcrumb\":{\"@id\":\"https:\/\/prime-scootering.com\/produit\/poignees-prime-vertes\/#breadcrumb\"},\"inLanguage\":\"en-US\",\"potentialAction\":[{\"@type\":\"ReadAction\",\"target\":[\"https:\/\/prime-scootering.com\/produit\/poignees-prime-vertes\/\"]}]},{\"@type\":\"BreadcrumbList\",\"@id\":\"https:\/\/prime-scootering.com\/produit\/poignees-prime-vertes\/#breadcrumb\",\"itemListElement\":[{\"@type\":\"ListItem\",\"position\":1,\"name\":\"Accueil\",\"item\":\"https:\/\/prime-scootering.com\/\"},{\"@type\":\"ListItem\",\"position\":2,\"name\":\"Boutique\",\"item\":\"https:\/\/prime-scootering.com\/shop\/\"},{\"@type\":\"ListItem\",\"position\":3,\"name\":\"Poign\u00e9es Prime Vertes\"}]},{\"@type\":\"WebSite\",\"@id\":\"https:\/\/prime-scootering.com\/#website\",\"url\":\"https:\/\/prime-scootering.com\/\",\"name\":\"Prime scootering\",\"description\":\"Scooter brand\",\"publisher\":{\"@id\":\"https:\/\/prime-scootering.com\/#organization\"},\"potentialAction\":[{\"@type\":\"SearchAction\",\"target\":{\"@type\":\"EntryPoint\",\"urlTemplate\":\"https:\/\/prime-scootering.com\/?s={search_term_string}\"},\"query-input\":\"required name=search_term_string\"}],\"inLanguage\":\"en-US\"},{\"@type\":\"Organization\",\"@id\":\"https:\/\/prime-scootering.com\/#organization\",\"name\":\"Prime scootering\",\"url\":\"https:\/\/prime-scootering.com\/\",\"logo\":{\"@type\":\"ImageObject\",\"inLanguage\":\"en-US\",\"@id\":\"https:\/\/prime-scootering.com\/#\/schema\/logo\/image\/\",\"url\":\"https:\/\/prime-scootering.com\/wp-content\/uploads\/2022\/01\/cropped-cropped-cropped-P-LOGO-SANS-FOND.png\",\"contentUrl\":\"https:\/\/prime-scootering.com\/wp-content\/uploads\/2022\/01\/cropped-cropped-cropped-P-LOGO-SANS-FOND.png\",\"width\":512,\"height\":512,\"caption\":\"Prime scootering\"},\"image\":{\"@id\":\"https:\/\/prime-scootering.com\/#\/schema\/logo\/image\/\"}}]}<\/script>\n<!-- \/ Yoast SEO plugin. -->","yoast_head_json":{"title":"Poign\u00e9es Prime Vertes - Prime scootering","robots":{"index":"index","follow":"follow","max-snippet":"max-snippet:-1","max-image-preview":"max-image-preview:large","max-video-preview":"max-video-preview:-1"},"canonical":"https:\/\/prime-scootering.com\/en\/product\/poignees-prime-vertes\/","og_locale":"en_US","og_type":"article","og_title":"Poign\u00e9es Prime Vertes - Prime scootering","og_description":"Poign\u00e9es de la marque Prime scootering version vertes, un design unique et un confort in\u00e9gal\u00e9.","og_url":"https:\/\/prime-scootering.com\/en\/product\/poignees-prime-vertes\/","og_site_name":"Prime scootering","article_modified_time":"2026-04-28T17:11:32+00:00","og_image":[{"width":1080,"height":1080,"url":"https:\/\/prime-scootering.com\/wp-content\/uploads\/2022\/09\/Poignees-Vert.png","type":"image\/png"}],"twitter_card":"summary_large_image","schema":{"@context":"https:\/\/schema.org","@graph":[{"@type":"WebPage","@id":"https:\/\/prime-scootering.com\/produit\/poignees-prime-vertes\/","url":"https:\/\/prime-scootering.com\/produit\/poignees-prime-vertes\/","name":"Poign\u00e9es Prime Vertes - Prime scootering","isPartOf":{"@id":"https:\/\/prime-scootering.com\/#website"},"datePublished":"2022-09-23T22:09:45+00:00","dateModified":"2026-04-28T17:11:32+00:00","breadcrumb":{"@id":"https:\/\/prime-scootering.com\/produit\/poignees-prime-vertes\/#breadcrumb"},"inLanguage":"en-US","potentialAction":[{"@type":"ReadAction","target":["https:\/\/prime-scootering.com\/produit\/poignees-prime-vertes\/"]}]},{"@type":"BreadcrumbList","@id":"https:\/\/prime-scootering.com\/produit\/poignees-prime-vertes\/#breadcrumb","itemListElement":[{"@type":"ListItem","position":1,"name":"Accueil","item":"https:\/\/prime-scootering.com\/"},{"@type":"ListItem","position":2,"name":"Boutique","item":"https:\/\/prime-scootering.com\/shop\/"},{"@type":"ListItem","position":3,"name":"Poign\u00e9es Prime Vertes"}]},{"@type":"WebSite","@id":"https:\/\/prime-scootering.com\/#website","url":"https:\/\/prime-scootering.com\/","name":"Prime scootering","description":"Scooter brand","publisher":{"@id":"https:\/\/prime-scootering.com\/#organization"},"potentialAction":[{"@type":"SearchAction","target":{"@type":"EntryPoint","urlTemplate":"https:\/\/prime-scootering.com\/?s={search_term_string}"},"query-input":"required name=search_term_string"}],"inLanguage":"en-US"},{"@type":"Organization","@id":"https:\/\/prime-scootering.com\/#organization","name":"Prime scootering","url":"https:\/\/prime-scootering.com\/","logo":{"@type":"ImageObject","inLanguage":"en-US","@id":"https:\/\/prime-scootering.com\/#\/schema\/logo\/image\/","url":"https:\/\/prime-scootering.com\/wp-content\/uploads\/2022\/01\/cropped-cropped-cropped-P-LOGO-SANS-FOND.png","contentUrl":"https:\/\/prime-scootering.com\/wp-content\/uploads\/2022\/01\/cropped-cropped-cropped-P-LOGO-SANS-FOND.png","width":512,"height":512,"caption":"Prime scootering"},"image":{"@id":"https:\/\/prime-scootering.com\/#\/schema\/logo\/image\/"}}]}},"_links":{"self":[{"href":"https:\/\/prime-scootering.com\/en\/wp-json\/wp\/v2\/product\/821"}],"collection":[{"href":"https:\/\/prime-scootering.com\/en\/wp-json\/wp\/v2\/product"}],"about":[{"href":"https:\/\/prime-scootering.com\/en\/wp-json\/wp\/v2\/types\/product"}],"wp:featuredmedia":[{"embeddable":true,"href":"https:\/\/prime-scootering.com\/en\/wp-json\/wp\/v2\/media\/822"}],"wp:attachment":[{"href":"https:\/\/prime-scootering.com\/en\/wp-json\/wp\/v2\/media?parent=821"}],"wp:term":[{"taxonomy":"product_cat","embeddable":true,"href":"https:\/\/prime-scootering.com\/en\/wp-json\/wp\/v2\/product_cat?post=821"},{"taxonomy":"product_tag","embeddable":true,"href":"https:\/\/prime-scootering.com\/en\/wp-json\/wp\/v2\/product_tag?post=821"}],"curies":[{"name":"wp","href":"https:\/\/api.w.org\/{rel}","templated":true}]}}